{"id":95,"date":"2024-03-20T09:27:01","date_gmt":"2024-03-20T08:27:01","guid":{"rendered":"https:\/\/www.ilma-biochem.com\/?page_id=95"},"modified":"2024-06-11T12:16:25","modified_gmt":"2024-06-11T10:16:25","slug":"produktentwicklung","status":"publish","type":"page","link":"https:\/\/www.ilma-biochem.com\/?page_id=95","title":{"rendered":"Produktentwicklung"},"content":{"rendered":"\t\t<div data-elementor-type=\"wp-page\" data-elementor-id=\"95\" class=\"elementor elementor-95\">\n\t\t\t\t<div class=\"elementor-element elementor-element-facb265 e-con-full e-flex wpr-particle-no wpr-jarallax-no wpr-parallax-no wpr-sticky-section-no e-con e-parent\" data-id=\"facb265\" data-element_type=\"container\">\n\t\t<div class=\"elementor-element elementor-element-edf3bf5 e-con-full e-flex wpr-particle-no wpr-jarallax-no wpr-parallax-no wpr-sticky-section-no e-con e-child\" data-id=\"edf3bf5\" data-element_type=\"container\">\n\t\t\t\t<div class=\"elementor-element elementor-element-9942639 elementor-widget elementor-widget-text-editor\" data-id=\"9942639\" data-element_type=\"widget\" data-widget_type=\"text-editor.default\">\n\t\t\t\t<div class=\"elementor-widget-container\">\n\t\t\t\t\t\t\t\t\t<h2 aria-level=\"2\"><b><span data-contrast=\"none\">MineraLiquid\u00ae<\/span><\/b><span data-ccp-props=\"{&quot;134233117&quot;:false,&quot;134233118&quot;:false,&quot;134245418&quot;:true,&quot;134245529&quot;:true,&quot;201341983&quot;:0,&quot;335551550&quot;:0,&quot;335551620&quot;:0,&quot;335559738&quot;:299,&quot;335559739&quot;:299,&quot;335559740&quot;:259}\">\u00a0<\/span><\/h2><p><span data-contrast=\"auto\">MineraLiquid\u00ae\u00a0ist ein fl\u00fcssiges Mineralienkonzentrat, mit dem man Leitungswasser oder Osmosewasser mineralisieren und somit mineralisierte Getr\u00e4nke herstellen kann. Das spart Geld und schont die Umwelt, da man auf den Kauf von Mineralwasser verzichten kann. MineraLiquid\u00ae wird aus reinen Mineralsalzen und Aqua purificata in Arzneibuchqualit\u00e4t hergestellt und enth\u00e4lt wichtige Mineralien in Lebensmittelqualit\u00e4t wie Magnesium, Calcium, Zink, Kalium und Kupfer. Das Produkt kann den subtilen Geschmack der Mineralien und Spurenelemente in Getr\u00e4nken verst\u00e4rken und den Elektrolyt-Haushalt unterst\u00fctzen.<\/span><span data-ccp-props=\"{&quot;201341983&quot;:0,&quot;335559739&quot;:160,&quot;335559740&quot;:259}\">\u00a0<\/span><\/p><p><a href=\"http:\/\/mineraliquid.com\">Zum Produkt<\/a><\/p>\t\t\t\t\t\t\t\t<\/div>\n\t\t\t\t<\/div>\n\t\t\t\t<\/div>\n\t\t<div class=\"elementor-element elementor-element-8d39913 e-con-full e-flex wpr-particle-no wpr-jarallax-no wpr-parallax-no wpr-sticky-section-no e-con e-child\" data-id=\"8d39913\" data-element_type=\"container\">\n\t\t\t\t<div class=\"elementor-element elementor-element-8814068 elementor-widget elementor-widget-image\" data-id=\"8814068\" data-element_type=\"widget\" data-widget_type=\"image.default\">\n\t\t\t\t<div class=\"elementor-widget-container\">\n\t\t\t\t\t\t\t\t\t\t\t\t\t\t\t<img decoding=\"async\" src=\"https:\/\/www.ilma-biochem.com\/wp-content\/uploads\/elementor\/thumbs\/1-1-qphxwzha0qqfseyzizq0xywe0o1b1pwrnptdkgasz0.png\" title=\"1\" alt=\"1\" loading=\"lazy\" \/>\t\t\t\t\t\t\t\t\t\t\t\t\t\t\t<\/div>\n\t\t\t\t<\/div>\n\t\t\t\t<\/div>\n\t\t\t\t<\/div>\n\t\t<div class=\"elementor-element elementor-element-30185d3 e-con-full e-flex wpr-particle-no wpr-jarallax-no wpr-parallax-no wpr-sticky-section-no e-con e-parent\" data-id=\"30185d3\" data-element_type=\"container\">\n\t\t<div class=\"elementor-element elementor-element-a1415f0 e-con-full e-flex wpr-particle-no wpr-jarallax-no wpr-parallax-no wpr-sticky-section-no e-con e-child\" data-id=\"a1415f0\" data-element_type=\"container\">\n\t\t\t\t<div class=\"elementor-element elementor-element-af34787 elementor-widget elementor-widget-text-editor\" data-id=\"af34787\" data-element_type=\"widget\" data-widget_type=\"text-editor.default\">\n\t\t\t\t<div class=\"elementor-widget-container\">\n\t\t\t\t\t\t\t\t\t<h2 aria-level=\"2\"><b><span data-contrast=\"none\">MineraLiquid\u00ae<\/span><\/b><span data-ccp-props=\"{&quot;134233117&quot;:false,&quot;134233118&quot;:false,&quot;134245418&quot;:true,&quot;134245529&quot;:true,&quot;201341983&quot;:0,&quot;335551550&quot;:0,&quot;335551620&quot;:0,&quot;335559738&quot;:299,&quot;335559739&quot;:299,&quot;335559740&quot;:259}\">\u00a0Elektrolyte+<\/span><\/h2><p>Mineraliquid Elektrolyte+ wurde speziell f\u00fcr Sportlerinnen und Sportler entwickelt, die ihre Trainingsleistung effektiv unterst\u00fctzen m\u00f6chten. Die fl\u00fcssige Form unserer ausgewogenen Elektrolyte ohne Zucker gew\u00e4hrleistet eine schnelle und optimale Aufnahme der Mineralstoffe im K\u00f6rper. Unser einzigartiger Power-Zusatz L-Lysin verbessert zus\u00e4tzlich die Mineralstoffaufnahme und ist unser besonderes Extra. Diese Aminos\u00e4ure spielt eine wichtige Rolle bei der normalen Muskelproteinsynthese, welche nach dem Training entscheidend f\u00fcr die Muskelregeneration und den Muskelaufbau ist. Der pr\u00e4zise kalibrierte Spr\u00fchkopf erm\u00f6glicht eine exakte Dosierung der fl\u00fcssigen Elektrolyte, sodass sie individuell angepasst werden k\u00f6nnen.<\/p><p>Wir setzen bewusst auf den Verzicht von Zucker, S\u00fc\u00dfstoffen, Aromen und k\u00fcnstlichen Zusatzstoffen. Egal ob in Wasser, Saft oder anderen Getr\u00e4nken \u2013 die Elektrolyte f\u00fcr Sportler bereichern jedes Erfrischungsgetr\u00e4nk und sind ein echter Vitalit\u00e4tsbooster, der mehr Freude am Training und sportliche Erfolge unterst\u00fctzt.<\/p><p><a href=\"https:\/\/mineraliquid.com\/products\/mineraliquid%C2%AE-elektrolyte-100ml-flussige-elektrolyte-fur-einen-erhohten-mineralienbedarf\">Zum Produkt<\/a><\/p>\t\t\t\t\t\t\t\t<\/div>\n\t\t\t\t<\/div>\n\t\t\t\t<\/div>\n\t\t<div class=\"elementor-element elementor-element-d4abbfb e-con-full e-flex wpr-particle-no wpr-jarallax-no wpr-parallax-no wpr-sticky-section-no e-con e-child\" data-id=\"d4abbfb\" data-element_type=\"container\">\n\t\t\t\t<div class=\"elementor-element elementor-element-62ad6c3 elementor-widget elementor-widget-image\" data-id=\"62ad6c3\" data-element_type=\"widget\" data-widget_type=\"image.default\">\n\t\t\t\t<div class=\"elementor-widget-container\">\n\t\t\t\t\t\t\t\t\t\t\t\t\t\t\t<img decoding=\"async\" src=\"https:\/\/www.ilma-biochem.com\/wp-content\/uploads\/elementor\/thumbs\/1-qphxswugel5ph8vzb8c84zwhck41oxqn3k1mpac7xo.png\" title=\"1\" alt=\"1\" loading=\"lazy\" \/>\t\t\t\t\t\t\t\t\t\t\t\t\t\t\t<\/div>\n\t\t\t\t<\/div>\n\t\t\t\t<\/div>\n\t\t\t\t<\/div>\n\t\t<div class=\"elementor-element elementor-element-f6f07ce e-con-full e-flex wpr-particle-no wpr-jarallax-no wpr-parallax-no wpr-sticky-section-no e-con e-parent\" data-id=\"f6f07ce\" data-element_type=\"container\">\n\t\t<div class=\"elementor-element elementor-element-4b6d2ec e-con-full e-flex wpr-particle-no wpr-jarallax-no wpr-parallax-no wpr-sticky-section-no e-con e-child\" data-id=\"4b6d2ec\" data-element_type=\"container\">\n\t\t\t\t<div class=\"elementor-element elementor-element-7e62f78 elementor-widget elementor-widget-text-editor\" data-id=\"7e62f78\" data-element_type=\"widget\" data-widget_type=\"text-editor.default\">\n\t\t\t\t<div class=\"elementor-widget-container\">\n\t\t\t\t\t\t\t\t\t<h2 aria-level=\"2\"><strong>ZinkLiquid<\/strong><\/h2><p>ZinkLiquid bietet eine innovative Kombination aus organischen und anorganischen Zinkverbindungen, die f\u00fcr eine erh\u00f6hte Bioverf\u00fcgbarkeit sorgt. Das bedeutet, dass der K\u00f6rper das Zink besser aufnehmen und verwerten kann. Zudem \u00fcberzeugt ZinkLiquid durch seinen verbesserten Geschmack und seine exzellente L\u00f6slichkeit. ZinkLiquid tr\u00e4gt zu einem normalen Immunsystem bei, unterst\u00fctzt den Stoffwechsel, f\u00f6rdert gesunde Haut und Haare und ist wichtig f\u00fcr eine normale Fruchtbarkeit. Fl\u00fcssiges Zink wird vom K\u00f6rper besser und schneller aufgenommen als Kapseln oder Kautabletten. In seiner bereits gel\u00f6sten, ionischen Form kann ZinkLiquid direkt \u00fcber die Mund- und Rachenschleimh\u00e4ute aufgenommen werden, was eine schnelle und effiziente Zufuhr gew\u00e4hrleistet. Dank der mitgelieferten Pipette ist eine individuelle und pr\u00e4zise, tropfengenaue Dosierung m\u00f6glich, sodass die Zinkzufuhr optimal an die pers\u00f6nlichen Bed\u00fcrfnisse angepasst werden k\u00f6nnen.<\/p><p><a href=\"https:\/\/www.amazon.de\/ZinkLiquid-hochdosiert-Geschmacksoptimierter-optimaler-Bioverf%C3%BCgbarkeit\/dp\/B09TL7YD6Y\/ref=sr_1_5?__mk_de_DE=%C3%85M%C3%85%C5%BD%C3%95%C3%91&amp;crid=6EWMXQJWOQB3&amp;dib=eyJ2IjoiMSJ9.e5Cd6GKduJG3gA0p_0R1sP6M5UbrCHZjvMmAKmKVVUohAq3dtse47XXRUnKN1ozzMZvTBx7YpzxQ5G80i9cqQpNjkvuQinVrnAjNcxYQpE4i_1pv4Pt09JAuZQD1W0HNW6icDWdGE9lwE3RxqoTt3iaDOW_UzRfXOiShUaYRWF17JflEmbRQiQ3EgwBRvlgxmRaVmlgyYOMZiEcldg-1jVQO1dveM0twByHqAW1e7Qd1alOjLSzOf9p9aVEu57mQbPDlqKtItip9ztqP4I9yV7XewpKfss8KQs9k69wWguE.c7DPlEKloShjo5SJ-yFJptZT3gJ9GkWyGP7K4FZRc70&amp;dib_tag=se&amp;keywords=zink+liquid&amp;qid=1718100710&amp;sprefix=zinkliquid%2Caps%2C137&amp;sr=8-5\">Zum Produkt<\/a><\/p>\t\t\t\t\t\t\t\t<\/div>\n\t\t\t\t<\/div>\n\t\t\t\t<\/div>\n\t\t<div class=\"elementor-element elementor-element-8fd1b57 e-con-full e-flex wpr-particle-no wpr-jarallax-no wpr-parallax-no wpr-sticky-section-no e-con e-child\" data-id=\"8fd1b57\" data-element_type=\"container\">\n\t\t\t\t<div class=\"elementor-element elementor-element-4bbd837 elementor-widget elementor-widget-image\" data-id=\"4bbd837\" data-element_type=\"widget\" data-widget_type=\"image.default\">\n\t\t\t\t<div class=\"elementor-widget-container\">\n\t\t\t\t\t\t\t\t\t\t\t\t\t\t\t<img decoding=\"async\" src=\"https:\/\/www.ilma-biochem.com\/wp-content\/uploads\/elementor\/thumbs\/Zinkliquid-Produktbilder-Amazon-qphy5g0zj2bca2om4nd5du1qhic8bnhstl6p23r8z0.png\" title=\"Zinkliquid Produktbilder Amazon\" alt=\"Zinkliquid Produktbilder Amazon\" loading=\"lazy\" \/>\t\t\t\t\t\t\t\t\t\t\t\t\t\t\t<\/div>\n\t\t\t\t<\/div>\n\t\t\t\t<\/div>\n\t\t\t\t<\/div>\n\t\t<div class=\"elementor-element elementor-element-b38787b e-con-full e-flex wpr-particle-no wpr-jarallax-no wpr-parallax-no wpr-sticky-section-no e-con e-parent\" data-id=\"b38787b\" data-element_type=\"container\">\n\t\t<div class=\"elementor-element elementor-element-77e519f e-con-full e-flex wpr-particle-no wpr-jarallax-no wpr-parallax-no wpr-sticky-section-no e-con e-child\" data-id=\"77e519f\" data-element_type=\"container\">\n\t\t\t\t<div class=\"elementor-element elementor-element-eb00e69 elementor-widget elementor-widget-text-editor\" data-id=\"eb00e69\" data-element_type=\"widget\" data-widget_type=\"text-editor.default\">\n\t\t\t\t<div class=\"elementor-widget-container\">\n\t\t\t\t\t\t\t\t\t<h2 aria-level=\"2\"><b><span data-contrast=\"none\">SkinNeutrAll\u00ae<\/span><\/b><span data-ccp-props=\"{&quot;134233117&quot;:false,&quot;134233118&quot;:false,&quot;134245418&quot;:true,&quot;134245529&quot;:true,&quot;201341983&quot;:0,&quot;335551550&quot;:0,&quot;335551620&quot;:0,&quot;335559738&quot;:299,&quot;335559739&quot;:299,&quot;335559740&quot;:259}\">\u00a0<\/span><\/h2><p><span data-contrast=\"auto\">SkinNeutrAll\u00ae ist ein Notfallspray, das speziell f\u00fcr Haut, Bekleidung und Ausr\u00fcstung entwickelt wurde. Es bietet Erste Hilfe bei Gefahrstoff- oder Chemikalienunf\u00e4llen und zeichnet sich durch eine aktive und schnelle Neutralisierung sowie Inaktivierung verschiedener gesundheitsgef\u00e4hrdender Substanzen aus.<\/span><span data-ccp-props=\"{&quot;134233117&quot;:false,&quot;134233118&quot;:false,&quot;201341983&quot;:0,&quot;335551550&quot;:0,&quot;335551620&quot;:0,&quot;335559738&quot;:240,&quot;335559739&quot;:240,&quot;335559740&quot;:259}\">\u00a0<\/span><\/p><p><span data-contrast=\"auto\">Das vielseitige SkinNeutrAll\u00ae ist in der Lage, eine Vielzahl von Stoffen zu neutralisieren und inaktivieren, darunter S\u00e4uren, Laugen, Flusss\u00e4ure und Fluoride, Phenol, Formaldehyd, Oxidationsmittel wie Wasserstoffperoxid, Chlor, Hypochlorit und Brom, Sprengstoffe sowie Schwermetalle. Dar\u00fcber hinaus erm\u00f6glicht es die Abl\u00f6sung und Herausl\u00f6sung von organischen L\u00f6sungsmitteln und Chemikalien.<\/span><span data-ccp-props=\"{&quot;134233117&quot;:false,&quot;134233118&quot;:false,&quot;201341983&quot;:0,&quot;335551550&quot;:0,&quot;335551620&quot;:0,&quot;335559738&quot;:240,&quot;335559739&quot;:240,&quot;335559740&quot;:259}\">\u00a0<\/span><\/p><p><span data-contrast=\"auto\">Die umfassende Wirkung von SkinNeutrAll\u00ae beruht auf drei wirksamen Bestandteilen. Ascorbins\u00e4ure f\u00fchrt \u00fcber eine Redoxreaktion zur Neutralisierung stark oxidierender Substanzen wie Wasserstoffperoxid, elementares Brom, Chlorbleichlauge, Calciumhypochlorit, nitrose Gase, Nitrate und viele andere. Ein Aminos\u00e4ure-Puffer neutralisiert S\u00e4uren und Laugen wie Schwefels\u00e4ure, Natronlauge, Salpeters\u00e4ure oder Salzs\u00e4ure. Die Aminos\u00e4ure Glycin, ebenfalls Teil des Aminos\u00e4ure-Puffers, bindet Formaldehyd als Imin, Phenol als Amin und Schwermetalle als Amino-Komplex.<\/span><span data-ccp-props=\"{&quot;134233117&quot;:false,&quot;134233118&quot;:false,&quot;201341983&quot;:0,&quot;335551550&quot;:0,&quot;335551620&quot;:0,&quot;335559738&quot;:240,&quot;335559739&quot;:240,&quot;335559740&quot;:259}\">\u00a0<\/span><\/p><p><span data-contrast=\"auto\">Dar\u00fcber hinaus enth\u00e4lt SkinNeutrAll\u00ae Calciumchlorid, das Fluorid als unl\u00f6sliches Calciumfluorid ausf\u00e4llt, was zur Inaktivierung von Flusss\u00e4ure f\u00fchrt, sowie Silber als Silberchlorid ausf\u00e4llt. Polyethylenglykol und Glycerin dienen als L\u00f6sungsvermittler f\u00fcr organische Chemikalien.<\/span><span data-ccp-props=\"{&quot;134233117&quot;:false,&quot;134233118&quot;:false,&quot;201341983&quot;:0,&quot;335551550&quot;:0,&quot;335551620&quot;:0,&quot;335559738&quot;:240,&quot;335559739&quot;:240,&quot;335559740&quot;:259}\">\u00a0<\/span><\/p><p><a class=\"Hyperlink SCXW173799496 BCX0\" href=\"https:\/\/skinneutrall.com\/\" target=\"_blank\" rel=\"noreferrer noopener\"><span class=\"TextRun Underlined SCXW173799496 BCX0\" lang=\"DE-DE\" xml:lang=\"DE-DE\" data-contrast=\"none\"><span class=\"NormalTextRun SCXW173799496 BCX0\" data-ccp-charstyle=\"Hyperlink\">Mehr Erfahren<\/span><\/span><\/a><\/p>\t\t\t\t\t\t\t\t<\/div>\n\t\t\t\t<\/div>\n\t\t\t\t<\/div>\n\t\t<div class=\"elementor-element elementor-element-66ab694 e-con-full e-flex wpr-particle-no wpr-jarallax-no wpr-parallax-no wpr-sticky-section-no e-con e-child\" data-id=\"66ab694\" data-element_type=\"container\">\n\t\t\t\t<div class=\"elementor-element elementor-element-fc8bd4c elementor-widget elementor-widget-image\" data-id=\"fc8bd4c\" data-element_type=\"widget\" data-widget_type=\"image.default\">\n\t\t\t\t<div class=\"elementor-widget-container\">\n\t\t\t\t\t\t\t\t\t\t\t\t\t\t\t<img fetchpriority=\"high\" decoding=\"async\" width=\"500\" height=\"500\" src=\"https:\/\/www.ilma-biochem.com\/wp-content\/uploads\/2024\/03\/2a46e1_c414b1030a564695a177c3067aa40d83mv2.webp\" class=\"attachment-large size-large wp-image-219\" alt=\"\" srcset=\"https:\/\/www.ilma-biochem.com\/wp-content\/uploads\/2024\/03\/2a46e1_c414b1030a564695a177c3067aa40d83mv2.webp 500w, https:\/\/www.ilma-biochem.com\/wp-content\/uploads\/2024\/03\/2a46e1_c414b1030a564695a177c3067aa40d83mv2-300x300.webp 300w, https:\/\/www.ilma-biochem.com\/wp-content\/uploads\/2024\/03\/2a46e1_c414b1030a564695a177c3067aa40d83mv2-150x150.webp 150w\" sizes=\"(max-width: 500px) 100vw, 500px\" \/>\t\t\t\t\t\t\t\t\t\t\t\t\t\t\t<\/div>\n\t\t\t\t<\/div>\n\t\t\t\t<\/div>\n\t\t\t\t<\/div>\n\t\t<div class=\"elementor-element elementor-element-87ad481 e-con-full e-flex wpr-particle-no wpr-jarallax-no wpr-parallax-no wpr-sticky-section-no e-con e-parent\" data-id=\"87ad481\" data-element_type=\"container\">\n\t\t\t\t<div class=\"elementor-element elementor-element-410711d elementor-widget elementor-widget-text-editor\" data-id=\"410711d\" data-element_type=\"widget\" data-widget_type=\"text-editor.default\">\n\t\t\t\t<div class=\"elementor-widget-container\">\n\t\t\t\t\t\t\t\t\t<p><span class=\"TextRun SCXW126654479 BCX0\" lang=\"DE-DE\" xml:lang=\"DE-DE\" data-contrast=\"auto\"><span class=\"NormalTextRun SCXW126654479 BCX0\">Wir sind stolz darauf, Ihnen unsere selbst entwickelten Produkte anzubieten, die nicht unter eigenem Namen vertrieben werden, sondern unseren Gesch\u00e4ftspartnern als Lizenzvereinbarungen zur Verf\u00fcgung stehen.<\/span><\/span><\/p>\t\t\t\t\t\t\t\t<\/div>\n\t\t\t\t<\/div>\n\t\t\t\t<\/div>\n\t\t<div class=\"elementor-element elementor-element-7edf5d9 e-flex e-con-boxed wpr-particle-no wpr-jarallax-no wpr-parallax-no wpr-sticky-section-no e-con e-parent\" data-id=\"7edf5d9\" data-element_type=\"container\">\n\t\t\t\t\t<div class=\"e-con-inner\">\n\t\t\t\t<div class=\"elementor-element elementor-element-845d160 elementor-widget elementor-widget-spacer\" data-id=\"845d160\" data-element_type=\"widget\" data-widget_type=\"spacer.default\">\n\t\t\t\t<div class=\"elementor-widget-container\">\n\t\t\t\t\t\t\t<div class=\"elementor-spacer\">\n\t\t\t<div class=\"elementor-spacer-inner\"><\/div>\n\t\t<\/div>\n\t\t\t\t\t\t<\/div>\n\t\t\t\t<\/div>\n\t\t\t\t\t<\/div>\n\t\t\t\t<\/div>\n\t\t\t\t<\/div>\n\t\t","protected":false},"excerpt":{"rendered":"<p>MineraLiquid\u00ae\u00a0 MineraLiquid\u00ae\u00a0ist ein fl\u00fcssiges Mineralienkonzentrat, mit dem man Leitungswasser oder Osmosewasser mineralisieren und somit mineralisierte Getr\u00e4nke herstellen kann. Das spart Geld und schont die Umwelt, da man auf den Kauf von Mineralwasser verzichten kann. MineraLiquid\u00ae wird aus reinen Mineralsalzen und Aqua purificata in Arzneibuchqualit\u00e4t hergestellt und enth\u00e4lt wichtige Mineralien in Lebensmittelqualit\u00e4t wie Magnesium, Calcium, Zink, Kalium und Kupfer. Das Produkt kann den subtilen Geschmack der Mineralien und Spurenelemente in Getr\u00e4nken verst\u00e4rken und den Elektrolyt-Haushalt unterst\u00fctzen.\u00a0 Zum Produkt MineraLiquid\u00ae\u00a0Elektrolyte+ Mineraliquid Elektrolyte+ wurde speziell f\u00fcr Sportlerinnen und Sportler entwickelt, die ihre Trainingsleistung effektiv unterst\u00fctzen m\u00f6chten. Die fl\u00fcssige Form unserer ausgewogenen Elektrolyte ohne Zucker gew\u00e4hrleistet eine schnelle und optimale Aufnahme der Mineralstoffe im K\u00f6rper. Unser einzigartiger Power-Zusatz L-Lysin verbessert zus\u00e4tzlich die Mineralstoffaufnahme und ist unser besonderes Extra. Diese Aminos\u00e4ure spielt eine wichtige Rolle bei der normalen Muskelproteinsynthese, welche nach dem Training entscheidend f\u00fcr die Muskelregeneration und den Muskelaufbau ist. Der pr\u00e4zise kalibrierte Spr\u00fchkopf erm\u00f6glicht eine exakte Dosierung der fl\u00fcssigen Elektrolyte, sodass sie individuell angepasst werden k\u00f6nnen. Wir setzen bewusst auf den Verzicht von Zucker, S\u00fc\u00dfstoffen, Aromen und k\u00fcnstlichen Zusatzstoffen. Egal ob in Wasser, Saft oder anderen Getr\u00e4nken \u2013 die Elektrolyte f\u00fcr Sportler bereichern jedes Erfrischungsgetr\u00e4nk und sind ein echter Vitalit\u00e4tsbooster, der mehr Freude am Training und sportliche Erfolge unterst\u00fctzt. Zum Produkt ZinkLiquid ZinkLiquid bietet eine innovative Kombination aus organischen und anorganischen Zinkverbindungen, die f\u00fcr eine erh\u00f6hte Bioverf\u00fcgbarkeit sorgt. Das bedeutet, dass der K\u00f6rper das Zink besser aufnehmen und verwerten kann. Zudem \u00fcberzeugt ZinkLiquid durch seinen verbesserten Geschmack und seine exzellente L\u00f6slichkeit. ZinkLiquid tr\u00e4gt zu einem normalen Immunsystem bei, unterst\u00fctzt den Stoffwechsel, f\u00f6rdert gesunde Haut und Haare und ist wichtig f\u00fcr eine normale Fruchtbarkeit. Fl\u00fcssiges Zink wird vom K\u00f6rper besser und schneller aufgenommen als Kapseln oder Kautabletten. In seiner bereits gel\u00f6sten, ionischen Form kann ZinkLiquid direkt \u00fcber die Mund- und Rachenschleimh\u00e4ute aufgenommen werden, was eine schnelle und effiziente Zufuhr gew\u00e4hrleistet. Dank der mitgelieferten Pipette ist eine individuelle und pr\u00e4zise, tropfengenaue Dosierung m\u00f6glich, sodass die Zinkzufuhr optimal an die pers\u00f6nlichen Bed\u00fcrfnisse angepasst werden k\u00f6nnen. Zum Produkt SkinNeutrAll\u00ae\u00a0 SkinNeutrAll\u00ae ist ein Notfallspray, das speziell f\u00fcr Haut, Bekleidung und Ausr\u00fcstung entwickelt wurde. Es bietet Erste Hilfe bei Gefahrstoff- oder Chemikalienunf\u00e4llen und zeichnet sich durch eine aktive und schnelle Neutralisierung sowie Inaktivierung verschiedener gesundheitsgef\u00e4hrdender Substanzen aus.\u00a0 Das vielseitige SkinNeutrAll\u00ae ist in der Lage, eine Vielzahl von Stoffen zu neutralisieren und inaktivieren, darunter S\u00e4uren, Laugen, Flusss\u00e4ure und Fluoride, Phenol, Formaldehyd, Oxidationsmittel wie Wasserstoffperoxid, Chlor, Hypochlorit und Brom, Sprengstoffe sowie Schwermetalle. Dar\u00fcber hinaus erm\u00f6glicht es die Abl\u00f6sung und Herausl\u00f6sung von organischen L\u00f6sungsmitteln und Chemikalien.\u00a0 Die umfassende Wirkung von SkinNeutrAll\u00ae beruht auf drei wirksamen Bestandteilen. Ascorbins\u00e4ure f\u00fchrt \u00fcber eine Redoxreaktion zur Neutralisierung stark oxidierender Substanzen wie Wasserstoffperoxid, elementares Brom, Chlorbleichlauge, Calciumhypochlorit, nitrose Gase, Nitrate und viele andere. Ein Aminos\u00e4ure-Puffer neutralisiert S\u00e4uren und Laugen wie Schwefels\u00e4ure, Natronlauge, Salpeters\u00e4ure oder Salzs\u00e4ure. Die Aminos\u00e4ure Glycin, ebenfalls Teil des Aminos\u00e4ure-Puffers, bindet Formaldehyd als Imin, Phenol als Amin und Schwermetalle als Amino-Komplex.\u00a0 Dar\u00fcber hinaus enth\u00e4lt SkinNeutrAll\u00ae Calciumchlorid, das Fluorid als unl\u00f6sliches Calciumfluorid ausf\u00e4llt, was zur Inaktivierung von Flusss\u00e4ure f\u00fchrt, sowie Silber als Silberchlorid ausf\u00e4llt. Polyethylenglykol und Glycerin dienen als L\u00f6sungsvermittler f\u00fcr organische Chemikalien.\u00a0 Mehr Erfahren Wir sind stolz darauf, Ihnen unsere selbst entwickelten Produkte anzubieten, die nicht unter eigenem Namen vertrieben werden, sondern unseren Gesch\u00e4ftspartnern als Lizenzvereinbarungen zur Verf\u00fcgung stehen.<\/p>\n","protected":false},"author":1,"featured_media":0,"parent":0,"menu_order":0,"comment_status":"closed","ping_status":"closed","template":"elementor_header_footer","meta":{"footnotes":""},"class_list":["post-95","page","type-page","status-publish","hentry"],"_links":{"self":[{"href":"https:\/\/www.ilma-biochem.com\/index.php?rest_route=\/wp\/v2\/pages\/95","targetHints":{"allow":["GET"]}}],"collection":[{"href":"https:\/\/www.ilma-biochem.com\/index.php?rest_route=\/wp\/v2\/pages"}],"about":[{"href":"https:\/\/www.ilma-biochem.com\/index.php?rest_route=\/wp\/v2\/types\/page"}],"author":[{"embeddable":true,"href":"https:\/\/www.ilma-biochem.com\/index.php?rest_route=\/wp\/v2\/users\/1"}],"replies":[{"embeddable":true,"href":"https:\/\/www.ilma-biochem.com\/index.php?rest_route=%2Fwp%2Fv2%2Fcomments&post=95"}],"version-history":[{"count":28,"href":"https:\/\/www.ilma-biochem.com\/index.php?rest_route=\/wp\/v2\/pages\/95\/revisions"}],"predecessor-version":[{"id":344,"href":"https:\/\/www.ilma-biochem.com\/index.php?rest_route=\/wp\/v2\/pages\/95\/revisions\/344"}],"wp:attachment":[{"href":"https:\/\/www.ilma-biochem.com\/index.php?rest_route=%2Fwp%2Fv2%2Fmedia&parent=95"}],"curies":[{"name":"wp","href":"https:\/\/api.w.org\/{rel}","templated":true}]}}