{"id":101,"date":"2024-03-20T09:28:33","date_gmt":"2024-03-20T08:28:33","guid":{"rendered":"https:\/\/www.ilma-biochem.com\/?page_id=101"},"modified":"2024-12-20T10:40:00","modified_gmt":"2024-12-20T09:40:00","slug":"impressum","status":"publish","type":"page","link":"https:\/\/www.ilma-biochem.com\/?page_id=101","title":{"rendered":"Impressum"},"content":{"rendered":"\t\t<div data-elementor-type=\"wp-page\" data-elementor-id=\"101\" class=\"elementor elementor-101\">\n\t\t\t\t<div class=\"elementor-element elementor-element-9badc91 e-flex e-con-boxed wpr-particle-no wpr-jarallax-no wpr-parallax-no wpr-sticky-section-no e-con e-parent\" data-id=\"9badc91\" data-element_type=\"container\">\n\t\t\t\t\t<div class=\"e-con-inner\">\n\t\t\t\t<div class=\"elementor-element elementor-element-7d3dd1a elementor-widget elementor-widget-spacer\" data-id=\"7d3dd1a\" data-element_type=\"widget\" data-widget_type=\"spacer.default\">\n\t\t\t\t<div class=\"elementor-widget-container\">\n\t\t\t\t\t\t\t<div class=\"elementor-spacer\">\n\t\t\t<div class=\"elementor-spacer-inner\"><\/div>\n\t\t<\/div>\n\t\t\t\t\t\t<\/div>\n\t\t\t\t<\/div>\n\t\t\t\t<div class=\"elementor-element elementor-element-066ad1d elementor-widget elementor-widget-text-editor\" data-id=\"066ad1d\" data-element_type=\"widget\" data-widget_type=\"text-editor.default\">\n\t\t\t\t<div class=\"elementor-widget-container\">\n\t\t\t\t\t\t\t\t\t<h2><strong>Impressum<\/strong><\/h2>\n<p><strong>ilma biochem GmbH<\/strong><\/p>\n<p>Maschstra\u00dfe 8a<br>49565 Bramsche<br>Deutschland<\/p>\n<p><strong>Telefon:<\/strong>&nbsp;+49-(0)2238-92999-59<\/p>\n<p><strong>Mail:<\/strong>&nbsp;service@mineraliquid.com<\/p>\n<p><strong>Gesch\u00e4ftsf\u00fchrer:<\/strong>&nbsp;Dr. Martin Weber<\/p>\n<p><strong>Inhaltlich verantwortlich:<\/strong>&nbsp;Dr. Martin Weber<\/p>\n<p><strong>Handelsregister:<\/strong>&nbsp;Amtsgericht L\u00fcneburg,&nbsp;<span class=\"ui-provider a b c d e f g h i j k l m n o p q r s t u v w x y z ab ac ae af ag ah ai aj ak\" dir=\"ltr\">HRB Nr.&nbsp;<\/span>206564<\/p>\n<p><strong>Umsatzsteuer-Identifikationsnummer(n):<\/strong>&nbsp;DE 309351787<\/p>\n<p>Die Europ\u00e4ische Kommission stellt eine Plattform zur Online-Streitbeilegung (OS) bereit, die Sie hier finden&nbsp;<a href=\"https:\/\/ec.europa.eu\/consumers\/odr\/\" target=\"_blank\" rel=\"noopener\" aria-describedby=\"a11y-new-window-external-message\">https:\/\/ec.europa.eu\/consumers\/odr\/<\/a>. Zur Teilnahme an einem Streitbeilegungsverfahren vor einer Verbraucherschlichtungsstelle sind wir nicht verpflichtet und nicht bereit.<\/p>\n<p><strong>Haftung f\u00fcr Links<\/strong><\/p>\n<p>Unser Angebot enth\u00e4lt Links zu externen Websites Dritter, auf deren Inhalte wir keinen Einfluss haben. Deshalb k\u00f6nnen wir f\u00fcr diese fremden Inhalte auch keine Gew\u00e4hr \u00fcbernehmen. F\u00fcr die Inhalte der verlinkten Seiten ist stets der jeweilige Anbieter oder Betreiber der Seiten verantwortlich. Die verlinkten Seiten wurden zum Zeitpunkt der Verlinkung auf m\u00f6gliche Rechtsverst\u00f6\u00dfe \u00fcberpr\u00fcft.<\/p>\n<p>Rechtswidrige Inhalte waren zum Zeitpunkt der Verlinkung nicht erkennbar. Eine permanente inhaltliche Kontrolle der verlinkten Seiten ist jedoch ohne konkrete Anhaltspunkte einer Rechtsverletzung nicht zumutbar. Bei Bekanntwerden von Rechtsverletzungen werden wir derartige Links umgehend entfernen.<\/p>\n<p><strong>Urheberrecht<\/strong><\/p>\n<p>Die durch die Seitenbetreiber erstellten Inhalte und Werke auf diesen Seiten unterliegen dem deutschen Urheberrecht. Die Vervielf\u00e4ltigung, Bearbeitung, Verbreitung und jede Art der Verwertung au\u00dferhalb der Grenzen des Urheberrechtes bed\u00fcrfen der schriftlichen Zustimmung des jeweiligen Autors bzw. Erstellers. Downloads und Kopien dieser Seite sind nur f\u00fcr den privaten, nicht kommerziellen Gebrauch gestattet.<\/p>\n<p><strong>Rechtswirksamkeit dieses Haftungsausschlusses<\/strong><\/p>\n<p>Dieser Haftungsausschluss ist als Teil des Internetangebotes zu betrachten, von dem aus auf diese Seite verwiesen wurde. Sofern Teile oder einzelne Formulierungen dieses Textes der geltenden Rechtslage nicht, nicht mehr oder nicht vollst\u00e4ndig entsprechen sollten, bleiben die \u00fcbrigen Teile des Dokumentes in ihrem Inhalt und ihrer G\u00fcltigkeit davon unber\u00fchrt.<\/p>\n<p><strong>Haftungsausschluss zu medizinischen Themen<\/strong><\/p>\n<p>Aus rechtlichen und wettbewerbsrechtlichen Gr\u00fcnden zum Schutz unserer Verbraucher sind wir verpflichtet darauf hinzuweisen, dass die ilma biochem GmbH und die von uns entwickelten Produkte keine Heilmittel bzw. Medizinprodukte nach der Heilmittelverordnung, dem Arzneimittelgesetz bzw. nach dem Medizinproduktegesetz sind und auch nicht als solche betrachtet werden d\u00fcrfen. Sie k\u00f6nnen keine medizinische Therapie ersetzen.<\/p>\n<p>Alle Angaben beruhen ausschlie\u00dflich auf \u00dcberlieferung, langj\u00e4hriger Erfahrung sowie diversen wissenschaftlichen Studien. Die Wirkung unserer Produkte und seiner Inhaltsstoffe wurden nach bestem Wissen und Gewissen aufgef\u00fchrt, kann aber sich wie bei allen Lebensmitteln von Person zu Person unterscheiden.<\/p>\n<p>Nahrungserg\u00e4nzungsmittel dienen nicht als Ersatz f\u00fcr eine abwechslungsreiche und ausgewogene Ern\u00e4hrung. Ziehen Sie im Zweifel stets Ihren Arzt, Heilpraktiker oder Apotheker zu Rate. Keine der auf dieser Seite genannten m\u00f6glichen Wirkungsweisen ist garantiert und zweifelsfrei belegt.<\/p>\n<p><strong>Bildnachweis:<\/strong><\/p>\t\t\t\t\t\t\t\t<\/div>\n\t\t\t\t<\/div>\n\t\t\t\t\t<\/div>\n\t\t\t\t<\/div>\n\t\t\t\t<\/div>\n\t\t","protected":false},"excerpt":{"rendered":"<p>Impressum ilma biochem GmbH Maschstra\u00dfe 8a49565 BramscheDeutschland Telefon:&nbsp;+49-(0)2238-92999-59 Mail:&nbsp;service@mineraliquid.com Gesch\u00e4ftsf\u00fchrer:&nbsp;Dr. Martin Weber Inhaltlich verantwortlich:&nbsp;Dr. Martin Weber Handelsregister:&nbsp;Amtsgericht L\u00fcneburg,&nbsp;HRB Nr.&nbsp;206564 Umsatzsteuer-Identifikationsnummer(n):&nbsp;DE 309351787 Die Europ\u00e4ische Kommission stellt eine Plattform zur Online-Streitbeilegung (OS) bereit, die Sie hier finden&nbsp;https:\/\/ec.europa.eu\/consumers\/odr\/. Zur Teilnahme an einem Streitbeilegungsverfahren vor einer Verbraucherschlichtungsstelle sind wir nicht verpflichtet und nicht bereit. Haftung f\u00fcr Links Unser Angebot enth\u00e4lt Links zu externen Websites Dritter, auf deren Inhalte wir keinen Einfluss haben. Deshalb k\u00f6nnen wir f\u00fcr diese fremden Inhalte auch keine Gew\u00e4hr \u00fcbernehmen. F\u00fcr die Inhalte der verlinkten Seiten ist stets der jeweilige Anbieter oder Betreiber der Seiten verantwortlich. Die verlinkten Seiten wurden zum Zeitpunkt der Verlinkung auf m\u00f6gliche Rechtsverst\u00f6\u00dfe \u00fcberpr\u00fcft. Rechtswidrige Inhalte waren zum Zeitpunkt der Verlinkung nicht erkennbar. Eine permanente inhaltliche Kontrolle der verlinkten Seiten ist jedoch ohne konkrete Anhaltspunkte einer Rechtsverletzung nicht zumutbar. Bei Bekanntwerden von Rechtsverletzungen werden wir derartige Links umgehend entfernen. Urheberrecht Die durch die Seitenbetreiber erstellten Inhalte und Werke auf diesen Seiten unterliegen dem deutschen Urheberrecht. Die Vervielf\u00e4ltigung, Bearbeitung, Verbreitung und jede Art der Verwertung au\u00dferhalb der Grenzen des Urheberrechtes bed\u00fcrfen der schriftlichen Zustimmung des jeweiligen Autors bzw. Erstellers. Downloads und Kopien dieser Seite sind nur f\u00fcr den privaten, nicht kommerziellen Gebrauch gestattet. Rechtswirksamkeit dieses Haftungsausschlusses Dieser Haftungsausschluss ist als Teil des Internetangebotes zu betrachten, von dem aus auf diese Seite verwiesen wurde. Sofern Teile oder einzelne Formulierungen dieses Textes der geltenden Rechtslage nicht, nicht mehr oder nicht vollst\u00e4ndig entsprechen sollten, bleiben die \u00fcbrigen Teile des Dokumentes in ihrem Inhalt und ihrer G\u00fcltigkeit davon unber\u00fchrt. Haftungsausschluss zu medizinischen Themen Aus rechtlichen und wettbewerbsrechtlichen Gr\u00fcnden zum Schutz unserer Verbraucher sind wir verpflichtet darauf hinzuweisen, dass die ilma biochem GmbH und die von uns entwickelten Produkte keine Heilmittel bzw. Medizinprodukte nach der Heilmittelverordnung, dem Arzneimittelgesetz bzw. nach dem Medizinproduktegesetz sind und auch nicht als solche betrachtet werden d\u00fcrfen. Sie k\u00f6nnen keine medizinische Therapie ersetzen. Alle Angaben beruhen ausschlie\u00dflich auf \u00dcberlieferung, langj\u00e4hriger Erfahrung sowie diversen wissenschaftlichen Studien. Die Wirkung unserer Produkte und seiner Inhaltsstoffe wurden nach bestem Wissen und Gewissen aufgef\u00fchrt, kann aber sich wie bei allen Lebensmitteln von Person zu Person unterscheiden. Nahrungserg\u00e4nzungsmittel dienen nicht als Ersatz f\u00fcr eine abwechslungsreiche und ausgewogene Ern\u00e4hrung. Ziehen Sie im Zweifel stets Ihren Arzt, Heilpraktiker oder Apotheker zu Rate. Keine der auf dieser Seite genannten m\u00f6glichen Wirkungsweisen ist garantiert und zweifelsfrei belegt. Bildnachweis:<\/p>\n","protected":false},"author":1,"featured_media":0,"parent":0,"menu_order":0,"comment_status":"closed","ping_status":"closed","template":"elementor_header_footer","meta":{"footnotes":""},"class_list":["post-101","page","type-page","status-publish","hentry"],"_links":{"self":[{"href":"https:\/\/www.ilma-biochem.com\/index.php?rest_route=\/wp\/v2\/pages\/101","targetHints":{"allow":["GET"]}}],"collection":[{"href":"https:\/\/www.ilma-biochem.com\/index.php?rest_route=\/wp\/v2\/pages"}],"about":[{"href":"https:\/\/www.ilma-biochem.com\/index.php?rest_route=\/wp\/v2\/types\/page"}],"author":[{"embeddable":true,"href":"https:\/\/www.ilma-biochem.com\/index.php?rest_route=\/wp\/v2\/users\/1"}],"replies":[{"embeddable":true,"href":"https:\/\/www.ilma-biochem.com\/index.php?rest_route=%2Fwp%2Fv2%2Fcomments&post=101"}],"version-history":[{"count":10,"href":"https:\/\/www.ilma-biochem.com\/index.php?rest_route=\/wp\/v2\/pages\/101\/revisions"}],"predecessor-version":[{"id":348,"href":"https:\/\/www.ilma-biochem.com\/index.php?rest_route=\/wp\/v2\/pages\/101\/revisions\/348"}],"wp:attachment":[{"href":"https:\/\/www.ilma-biochem.com\/index.php?rest_route=%2Fwp%2Fv2%2Fmedia&parent=101"}],"curies":[{"name":"wp","href":"https:\/\/api.w.org\/{rel}","templated":true}]}}